{"id":193,"date":"2024-05-19T18:44:28","date_gmt":"2024-05-19T18:44:28","guid":{"rendered":"https:\/\/www.aleksandra-dergacova.fr\/?page_id=193"},"modified":"2024-08-30T17:19:20","modified_gmt":"2024-08-30T17:19:20","slug":"series","status":"publish","type":"page","link":"https:\/\/www.aleksandra-dergacova.fr\/?page_id=193","title":{"rendered":"s\u00e9ries"},"content":{"rendered":"\n<p>\u00ab\u00a0l&rsquo;assembl\u00e9e g\u00e9n\u00e9rale de TOTAL\u00a0\u00bb<\/p>\n\n\n\n<figure class=\"wp-block-gallery has-nested-images columns-default is-cropped wp-block-gallery-1 is-layout-flex wp-block-gallery-is-layout-flex\">\n<figure class=\"wp-block-image size-large\"><img loading=\"lazy\" decoding=\"async\" width=\"1024\" height=\"683\" data-id=\"196\" src=\"https:\/\/www.aleksandra-dergacova.fr\/wp-content\/uploads\/2024\/05\/MG_6678-1024x683.jpg\" alt=\"\" class=\"wp-image-196\" srcset=\"https:\/\/www.aleksandra-dergacova.fr\/wp-content\/uploads\/2024\/05\/MG_6678-1024x683.jpg 1024w, https:\/\/www.aleksandra-dergacova.fr\/wp-content\/uploads\/2024\/05\/MG_6678-300x200.jpg 300w, https:\/\/www.aleksandra-dergacova.fr\/wp-content\/uploads\/2024\/05\/MG_6678-768x512.jpg 768w, https:\/\/www.aleksandra-dergacova.fr\/wp-content\/uploads\/2024\/05\/MG_6678-1536x1024.jpg 1536w, https:\/\/www.aleksandra-dergacova.fr\/wp-content\/uploads\/2024\/05\/MG_6678-2048x1365.jpg 2048w\" sizes=\"auto, (max-width: 1024px) 100vw, 1024px\" \/><\/figure>\n<\/figure>\n\n\n\n<div class=\"wp-block-columns is-layout-flex wp-container-core-columns-is-layout-28f84493 wp-block-columns-is-layout-flex\">\n<div class=\"wp-block-column is-layout-flow wp-block-column-is-layout-flow\">\n<figure class=\"wp-block-image size-large\"><img loading=\"lazy\" decoding=\"async\" width=\"1024\" height=\"683\" src=\"https:\/\/www.aleksandra-dergacova.fr\/wp-content\/uploads\/2024\/05\/MG_6686-1-1024x683.jpeg\" alt=\"\" class=\"wp-image-197\" srcset=\"https:\/\/www.aleksandra-dergacova.fr\/wp-content\/uploads\/2024\/05\/MG_6686-1-1024x683.jpeg 1024w, https:\/\/www.aleksandra-dergacova.fr\/wp-content\/uploads\/2024\/05\/MG_6686-1-300x200.jpeg 300w, https:\/\/www.aleksandra-dergacova.fr\/wp-content\/uploads\/2024\/05\/MG_6686-1-768x512.jpeg 768w, https:\/\/www.aleksandra-dergacova.fr\/wp-content\/uploads\/2024\/05\/MG_6686-1-1536x1024.jpeg 1536w, https:\/\/www.aleksandra-dergacova.fr\/wp-content\/uploads\/2024\/05\/MG_6686-1-2048x1365.jpeg 2048w\" sizes=\"auto, (max-width: 1024px) 100vw, 1024px\" \/><\/figure>\n<\/div>\n\n\n\n<div class=\"wp-block-column is-layout-flow wp-block-column-is-layout-flow\">\n<figure class=\"wp-block-image size-large\"><img loading=\"lazy\" decoding=\"async\" width=\"1024\" height=\"683\" src=\"https:\/\/www.aleksandra-dergacova.fr\/wp-content\/uploads\/2024\/05\/MG_6680-1024x683.jpeg\" alt=\"\" class=\"wp-image-198\" srcset=\"https:\/\/www.aleksandra-dergacova.fr\/wp-content\/uploads\/2024\/05\/MG_6680-1024x683.jpeg 1024w, https:\/\/www.aleksandra-dergacova.fr\/wp-content\/uploads\/2024\/05\/MG_6680-300x200.jpeg 300w, https:\/\/www.aleksandra-dergacova.fr\/wp-content\/uploads\/2024\/05\/MG_6680-768x512.jpeg 768w, https:\/\/www.aleksandra-dergacova.fr\/wp-content\/uploads\/2024\/05\/MG_6680-1536x1024.jpeg 1536w, https:\/\/www.aleksandra-dergacova.fr\/wp-content\/uploads\/2024\/05\/MG_6680-2048x1365.jpeg 2048w\" sizes=\"auto, (max-width: 1024px) 100vw, 1024px\" \/><\/figure>\n<\/div>\n<\/div>\n\n\n\n<p><\/p>\n\n\n\n<p><strong>NOUVELLE S\u00c9RIE MILITANTE :<\/strong><\/p>\n\n\n\n<p>Village de l\u2019eau et les mobilisations conte l\u2019agro-industrie \u00e0 Melle<\/p>\n\n\n\n<p><a href=\"https:\/\/www.aleksandra-dergacova.fr\/?page_id=156\">Voir la s\u00e9rie<\/a> <\/p>\n","protected":false},"excerpt":{"rendered":"<p>\u00ab\u00a0l&rsquo;assembl\u00e9e g\u00e9n\u00e9rale de TOTAL\u00a0\u00bb NOUVELLE S\u00c9RIE MILITANTE : Village de l\u2019eau et les mobilisations conte l\u2019agro-industrie \u00e0 Melle Voir la s\u00e9rie<\/p>\n","protected":false},"author":1,"featured_media":0,"parent":0,"menu_order":0,"comment_status":"closed","ping_status":"closed","template":"","meta":{"_siteseo_robots_primary_cat":"","footnotes":""},"class_list":["post-193","page","type-page","status-publish","hentry"],"_links":{"self":[{"href":"https:\/\/www.aleksandra-dergacova.fr\/index.php?rest_route=\/wp\/v2\/pages\/193","targetHints":{"allow":["GET"]}}],"collection":[{"href":"https:\/\/www.aleksandra-dergacova.fr\/index.php?rest_route=\/wp\/v2\/pages"}],"about":[{"href":"https:\/\/www.aleksandra-dergacova.fr\/index.php?rest_route=\/wp\/v2\/types\/page"}],"author":[{"embeddable":true,"href":"https:\/\/www.aleksandra-dergacova.fr\/index.php?rest_route=\/wp\/v2\/users\/1"}],"replies":[{"embeddable":true,"href":"https:\/\/www.aleksandra-dergacova.fr\/index.php?rest_route=%2Fwp%2Fv2%2Fcomments&post=193"}],"version-history":[{"count":2,"href":"https:\/\/www.aleksandra-dergacova.fr\/index.php?rest_route=\/wp\/v2\/pages\/193\/revisions"}],"predecessor-version":[{"id":304,"href":"https:\/\/www.aleksandra-dergacova.fr\/index.php?rest_route=\/wp\/v2\/pages\/193\/revisions\/304"}],"wp:attachment":[{"href":"https:\/\/www.aleksandra-dergacova.fr\/index.php?rest_route=%2Fwp%2Fv2%2Fmedia&parent=193"}],"curies":[{"name":"wp","href":"https:\/\/api.w.org\/{rel}","templated":true}]}}