{"id":36,"date":"2024-04-24T20:49:09","date_gmt":"2024-04-24T20:49:09","guid":{"rendered":"https:\/\/www.aleksandra-dergacova.fr\/?page_id=36"},"modified":"2024-08-30T14:42:17","modified_gmt":"2024-08-30T14:42:17","slug":"exposition-nature-capturee","status":"publish","type":"page","link":"https:\/\/www.aleksandra-dergacova.fr\/?page_id=36","title":{"rendered":"Exposition \u00ab\u00a0Nature captur\u00e9e\u00a0\u00bb"},"content":{"rendered":"\n<p><em>d\u00e9cembre 2021<\/em><\/p>\n\n\n\n<p>Il existe une diversit\u00e9 d\u2019objets que l\u2019on trouve sous &#8211; vide, sur &#8211; emball\u00e9s.<br>Nourriture, v\u00eatements, fleurs, puis aujourd\u2019hui il y a aussi l\u2019humain.<\/p>\n\n\n\n<p>L\u2019humain en gants en plastique, l\u2019humain masqu\u00e9 avec le bout de tissu en fibre de plastique, les humains qui s\u2019embrassent \u00e0 travers une toile en plastique pour des raisons sanitaires. L\u2019humain qui met les v\u00eatements en plastique, l\u2019humain objet&#8230;<\/p>\n\n\n\n<p>Cette mati\u00e8re plastique, issue du p\u00e9trole, est compos\u00e9e des \u00eatres qui \u00e9taient vivants auparavant. Ce sont les corps d\u2019une diversit\u00e9 d\u2019esp\u00e8ces animales que la nature a transform\u00e9, afin qu\u2019ils continuent d\u2019alimenter une cha\u00eene infinie de r\u00e9actions chimiques qu\u2019elle a d\u00e9cid\u00e9 de mettre en place. Nous, homo &#8211; sapiens, avons d\u00e9cid\u00e9 de prendre cette mati\u00e8re biologique pour en faire ce que nous avons fait, et nous en souffrons.<\/p>\n\n\n\n<figure class=\"wp-block-gallery has-nested-images columns-default is-cropped wp-block-gallery-1 is-layout-flex wp-block-gallery-is-layout-flex\">\n<figure class=\"wp-block-image size-large\"><img loading=\"lazy\" decoding=\"async\" width=\"683\" height=\"1024\" data-id=\"17\" src=\"https:\/\/www.aleksandra-dergacova.fr\/wp-content\/uploads\/2024\/04\/MG_1493-Copie-683x1024.jpeg\" alt=\"\" class=\"wp-image-17\" srcset=\"https:\/\/www.aleksandra-dergacova.fr\/wp-content\/uploads\/2024\/04\/MG_1493-Copie-683x1024.jpeg 683w, https:\/\/www.aleksandra-dergacova.fr\/wp-content\/uploads\/2024\/04\/MG_1493-Copie-200x300.jpeg 200w, https:\/\/www.aleksandra-dergacova.fr\/wp-content\/uploads\/2024\/04\/MG_1493-Copie-768x1152.jpeg 768w, https:\/\/www.aleksandra-dergacova.fr\/wp-content\/uploads\/2024\/04\/MG_1493-Copie-1024x1536.jpeg 1024w, https:\/\/www.aleksandra-dergacova.fr\/wp-content\/uploads\/2024\/04\/MG_1493-Copie-1365x2048.jpeg 1365w, https:\/\/www.aleksandra-dergacova.fr\/wp-content\/uploads\/2024\/04\/MG_1493-Copie-scaled.jpeg 1707w\" sizes=\"auto, (max-width: 683px) 100vw, 683px\" \/><\/figure>\n\n\n\n<figure class=\"wp-block-image size-large\"><img loading=\"lazy\" decoding=\"async\" width=\"683\" height=\"1024\" data-id=\"44\" src=\"https:\/\/www.aleksandra-dergacova.fr\/wp-content\/uploads\/2024\/04\/MG_1485-Copie-683x1024.jpg\" alt=\"\" class=\"wp-image-44\" srcset=\"https:\/\/www.aleksandra-dergacova.fr\/wp-content\/uploads\/2024\/04\/MG_1485-Copie-683x1024.jpg 683w, https:\/\/www.aleksandra-dergacova.fr\/wp-content\/uploads\/2024\/04\/MG_1485-Copie-200x300.jpg 200w, https:\/\/www.aleksandra-dergacova.fr\/wp-content\/uploads\/2024\/04\/MG_1485-Copie-768x1152.jpg 768w, https:\/\/www.aleksandra-dergacova.fr\/wp-content\/uploads\/2024\/04\/MG_1485-Copie-1024x1536.jpg 1024w, https:\/\/www.aleksandra-dergacova.fr\/wp-content\/uploads\/2024\/04\/MG_1485-Copie-1365x2048.jpg 1365w, https:\/\/www.aleksandra-dergacova.fr\/wp-content\/uploads\/2024\/04\/MG_1485-Copie-scaled.jpg 1707w\" sizes=\"auto, (max-width: 683px) 100vw, 683px\" \/><\/figure>\n<\/figure>\n\n\n\n<p>Le plastique est dangereux, \u00e9touffant, sauvage. Le plastique d\u00e9cide aujourd\u2019hui seul, qui est-ce qu\u2019il va attraper dans les fonds marins, \u00e0 quel oiseau il va emp\u00eacher d\u2019ouvrir le bec, quel animal va se retrouver avec une bague de bouteille coinc\u00e9 sur un de ses membres et ainsi l&rsquo;handicaper \u00e0 vie.&nbsp;<\/p>\n\n\n\n<p>L\u2019humain ? Il pensait le dominer. Mais c\u2019est l&rsquo;inverse d\u00e9sormais. Nos sommes dans une relation de mariage forc\u00e9 avec cette mati\u00e8re.&nbsp;<\/p>\n\n\n\n<p><\/p>\n\n\n\n<figure class=\"wp-block-gallery has-nested-images columns-default is-cropped wp-block-gallery-2 is-layout-flex wp-block-gallery-is-layout-flex\">\n<figure class=\"wp-block-image size-large is-style-default\"><img loading=\"lazy\" decoding=\"async\" width=\"1024\" height=\"683\" data-id=\"39\" src=\"https:\/\/www.aleksandra-dergacova.fr\/wp-content\/uploads\/2024\/04\/ret_MG_0836-1024x683.jpeg\" alt=\"\" class=\"wp-image-39\" srcset=\"https:\/\/www.aleksandra-dergacova.fr\/wp-content\/uploads\/2024\/04\/ret_MG_0836-1024x683.jpeg 1024w, https:\/\/www.aleksandra-dergacova.fr\/wp-content\/uploads\/2024\/04\/ret_MG_0836-300x200.jpeg 300w, https:\/\/www.aleksandra-dergacova.fr\/wp-content\/uploads\/2024\/04\/ret_MG_0836-768x512.jpeg 768w, https:\/\/www.aleksandra-dergacova.fr\/wp-content\/uploads\/2024\/04\/ret_MG_0836-1536x1024.jpeg 1536w, https:\/\/www.aleksandra-dergacova.fr\/wp-content\/uploads\/2024\/04\/ret_MG_0836-2048x1365.jpeg 2048w\" sizes=\"auto, (max-width: 1024px) 100vw, 1024px\" \/><\/figure>\n<\/figure>\n\n\n\n<p><\/p>\n\n\n\n<figure class=\"wp-block-image size-large\"><img loading=\"lazy\" decoding=\"async\" width=\"960\" height=\"1024\" src=\"https:\/\/www.aleksandra-dergacova.fr\/wp-content\/uploads\/2024\/04\/MG_1152-1-1-960x1024.jpeg\" alt=\"\" class=\"wp-image-42\" srcset=\"https:\/\/www.aleksandra-dergacova.fr\/wp-content\/uploads\/2024\/04\/MG_1152-1-1-960x1024.jpeg 960w, https:\/\/www.aleksandra-dergacova.fr\/wp-content\/uploads\/2024\/04\/MG_1152-1-1-281x300.jpeg 281w, https:\/\/www.aleksandra-dergacova.fr\/wp-content\/uploads\/2024\/04\/MG_1152-1-1-768x819.jpeg 768w, https:\/\/www.aleksandra-dergacova.fr\/wp-content\/uploads\/2024\/04\/MG_1152-1-1-1441x1536.jpeg 1441w, https:\/\/www.aleksandra-dergacova.fr\/wp-content\/uploads\/2024\/04\/MG_1152-1-1-1921x2048.jpeg 1921w\" sizes=\"auto, (max-width: 960px) 100vw, 960px\" \/><\/figure>\n\n\n\n<figure class=\"wp-block-image size-large\"><img loading=\"lazy\" decoding=\"async\" width=\"1024\" height=\"683\" src=\"https:\/\/www.aleksandra-dergacova.fr\/wp-content\/uploads\/2024\/04\/MG_1270-Copie-1024x683.jpeg\" alt=\"\" class=\"wp-image-110\" srcset=\"https:\/\/www.aleksandra-dergacova.fr\/wp-content\/uploads\/2024\/04\/MG_1270-Copie-1024x683.jpeg 1024w, https:\/\/www.aleksandra-dergacova.fr\/wp-content\/uploads\/2024\/04\/MG_1270-Copie-300x200.jpeg 300w, https:\/\/www.aleksandra-dergacova.fr\/wp-content\/uploads\/2024\/04\/MG_1270-Copie-768x512.jpeg 768w, https:\/\/www.aleksandra-dergacova.fr\/wp-content\/uploads\/2024\/04\/MG_1270-Copie-1536x1024.jpeg 1536w, https:\/\/www.aleksandra-dergacova.fr\/wp-content\/uploads\/2024\/04\/MG_1270-Copie-2048x1365.jpeg 2048w\" sizes=\"auto, (max-width: 1024px) 100vw, 1024px\" \/><\/figure>\n\n\n\n<p>Avant de proc\u00e9der \u00e0 la session, il a \u00e9t\u00e9 demand\u00e9 \u00e0 ces deux mod\u00e8les qui sont Aur\u00e9lie K\u00e9p\u00e8s et Louise Souli\u00e9-Dubol de s\u2019imaginer dans les corps des animaux coinc\u00e9s dans des sacs. D\u2019abord, elles ont essay\u00e9 de s\u2019entraider en \u00e9tant toutes les deux pi\u00e9g\u00e9es par d&rsquo; \u00e9normes sacs. Puis, il a \u00e9t\u00e9 demand\u00e9 \u00e0 l\u2019une d&rsquo;entre elles de s\u2019en sortir afin de mettre en sc\u00e8ne l\u2019empathie qui puisse se cr\u00e9er entre deux \u00eatres, un en situation de d\u00e9tresse compl\u00e8te, l\u2019autre libre, souhaitant&nbsp;aider, m\u00eame sans savoir comment.<\/p>\n\n\n\n<figure class=\"wp-block-image size-large\"><img loading=\"lazy\" decoding=\"async\" width=\"1024\" height=\"683\" src=\"https:\/\/www.aleksandra-dergacova.fr\/wp-content\/uploads\/2024\/04\/ret_MG_0967-1024x683.jpg\" alt=\"\" class=\"wp-image-23\" srcset=\"https:\/\/www.aleksandra-dergacova.fr\/wp-content\/uploads\/2024\/04\/ret_MG_0967-1024x683.jpg 1024w, https:\/\/www.aleksandra-dergacova.fr\/wp-content\/uploads\/2024\/04\/ret_MG_0967-300x200.jpg 300w, https:\/\/www.aleksandra-dergacova.fr\/wp-content\/uploads\/2024\/04\/ret_MG_0967-768x512.jpg 768w, https:\/\/www.aleksandra-dergacova.fr\/wp-content\/uploads\/2024\/04\/ret_MG_0967-1536x1024.jpg 1536w, https:\/\/www.aleksandra-dergacova.fr\/wp-content\/uploads\/2024\/04\/ret_MG_0967-2048x1365.jpg 2048w\" sizes=\"auto, (max-width: 1024px) 100vw, 1024px\" \/><\/figure>\n\n\n\n<figure class=\"wp-block-gallery has-nested-images columns-default is-cropped wp-block-gallery-3 is-layout-flex wp-block-gallery-is-layout-flex\">\n<figure class=\"wp-block-image size-large\"><img loading=\"lazy\" decoding=\"async\" width=\"1024\" height=\"683\" data-id=\"45\" src=\"https:\/\/www.aleksandra-dergacova.fr\/wp-content\/uploads\/2024\/04\/MG_1387-Copie-2-1024x683.jpeg\" alt=\"\" class=\"wp-image-45\" srcset=\"https:\/\/www.aleksandra-dergacova.fr\/wp-content\/uploads\/2024\/04\/MG_1387-Copie-2-1024x683.jpeg 1024w, https:\/\/www.aleksandra-dergacova.fr\/wp-content\/uploads\/2024\/04\/MG_1387-Copie-2-300x200.jpeg 300w, https:\/\/www.aleksandra-dergacova.fr\/wp-content\/uploads\/2024\/04\/MG_1387-Copie-2-768x512.jpeg 768w, https:\/\/www.aleksandra-dergacova.fr\/wp-content\/uploads\/2024\/04\/MG_1387-Copie-2-1536x1024.jpeg 1536w, https:\/\/www.aleksandra-dergacova.fr\/wp-content\/uploads\/2024\/04\/MG_1387-Copie-2-2048x1365.jpeg 2048w\" sizes=\"auto, (max-width: 1024px) 100vw, 1024px\" \/><\/figure>\n<\/figure>\n\n\n\n<p>La session photographique ci-pr\u00e9sente est inspir\u00e9e des objets que l\u2019on trouve surplastifi\u00e9s. La comparaison po\u00e9tico-all\u00e9gorique de l\u2019humain et de la rose coinc\u00e9e dans un film en plastique d\u00e9montre le paradoxe dans lequel on se trouve \u00e0 l\u2019heure actuelle.&nbsp;<\/p>\n\n\n\n<figure class=\"wp-block-gallery has-nested-images columns-default is-cropped wp-block-gallery-4 is-layout-flex wp-block-gallery-is-layout-flex\">\n<figure class=\"wp-block-image size-large\"><img loading=\"lazy\" decoding=\"async\" width=\"1024\" height=\"683\" data-id=\"46\" src=\"https:\/\/www.aleksandra-dergacova.fr\/wp-content\/uploads\/2024\/04\/ret2_MG_0892-1-1024x683.jpeg\" alt=\"\" class=\"wp-image-46\" srcset=\"https:\/\/www.aleksandra-dergacova.fr\/wp-content\/uploads\/2024\/04\/ret2_MG_0892-1-1024x683.jpeg 1024w, https:\/\/www.aleksandra-dergacova.fr\/wp-content\/uploads\/2024\/04\/ret2_MG_0892-1-300x200.jpeg 300w, https:\/\/www.aleksandra-dergacova.fr\/wp-content\/uploads\/2024\/04\/ret2_MG_0892-1-768x512.jpeg 768w, https:\/\/www.aleksandra-dergacova.fr\/wp-content\/uploads\/2024\/04\/ret2_MG_0892-1-1536x1024.jpeg 1536w, https:\/\/www.aleksandra-dergacova.fr\/wp-content\/uploads\/2024\/04\/ret2_MG_0892-1-2048x1365.jpeg 2048w\" sizes=\"auto, (max-width: 1024px) 100vw, 1024px\" \/><\/figure>\n<\/figure>\n\n\n\n<figure class=\"wp-block-image size-large\"><img loading=\"lazy\" decoding=\"async\" width=\"1024\" height=\"683\" src=\"https:\/\/www.aleksandra-dergacova.fr\/wp-content\/uploads\/2024\/04\/MG_1109-1-1024x683.jpg\" alt=\"\" class=\"wp-image-47\" srcset=\"https:\/\/www.aleksandra-dergacova.fr\/wp-content\/uploads\/2024\/04\/MG_1109-1-1024x683.jpg 1024w, https:\/\/www.aleksandra-dergacova.fr\/wp-content\/uploads\/2024\/04\/MG_1109-1-300x200.jpg 300w, https:\/\/www.aleksandra-dergacova.fr\/wp-content\/uploads\/2024\/04\/MG_1109-1-768x512.jpg 768w, https:\/\/www.aleksandra-dergacova.fr\/wp-content\/uploads\/2024\/04\/MG_1109-1-1536x1024.jpg 1536w, https:\/\/www.aleksandra-dergacova.fr\/wp-content\/uploads\/2024\/04\/MG_1109-1-2048x1365.jpg 2048w\" sizes=\"auto, (max-width: 1024px) 100vw, 1024px\" \/><figcaption class=\"wp-element-caption\">\u00ab\u00a0Humain ou animal\u00a0\u00bb \/ Aucune diff\u00e9rence face au danger \u00e9cologique, aucune diff\u00e9rence dans notre sensibilit\u00e9 et notre amour pour la vie qui rallume nos instincts de survie. <\/figcaption><\/figure>\n\n\n\n<p>L&rsquo;exposition a obtenu le \u00ab\u00a0prix du public\u00a0\u00bb lors du concours organis\u00e9 par la Maison de Jeunesse et de Culture \u00ab\u00a0Louis Lepage\u00a0\u00bb, en \u00cele-de-France, en 2022.<\/p>\n\n\n\n<p><strong>Expositions pass\u00e9es :<\/strong><\/p>\n\n\n\n<p>2 mai &#8211; 6 juin : exposition &#8211; concours au Festival des jeunes cr\u00e9ateurs \u201cBio &amp; diversit\u00e9\u201d \u00e0 la Maison de la Jeunesse et de la Culture \u201cLouis Lepage\u201d, r\u00e9gion parisienne (prix du public)<\/p>\n\n\n\n<p>2 &#8211; 18 juillet : Magasin d\u2019art Boesner Paris<\/p>\n\n\n\n<p><\/p>\n","protected":false},"excerpt":{"rendered":"<p>d\u00e9cembre 2021 Il existe une diversit\u00e9 d\u2019objets que l\u2019on trouve sous &#8211; vide, sur &#8211; emball\u00e9s.Nourriture, v\u00eatements, fleurs, puis aujourd\u2019hui il y a aussi l\u2019humain. L\u2019humain en gants en plastique, l\u2019humain masqu\u00e9 avec le bout de tissu en fibre de plastique, les humains qui s\u2019embrassent \u00e0 travers une toile en plastique pour des raisons sanitaires. [&hellip;]<\/p>\n","protected":false},"author":1,"featured_media":0,"parent":0,"menu_order":0,"comment_status":"closed","ping_status":"closed","template":"","meta":{"_siteseo_robots_primary_cat":"","footnotes":""},"class_list":["post-36","page","type-page","status-publish","hentry"],"_links":{"self":[{"href":"https:\/\/www.aleksandra-dergacova.fr\/index.php?rest_route=\/wp\/v2\/pages\/36","targetHints":{"allow":["GET"]}}],"collection":[{"href":"https:\/\/www.aleksandra-dergacova.fr\/index.php?rest_route=\/wp\/v2\/pages"}],"about":[{"href":"https:\/\/www.aleksandra-dergacova.fr\/index.php?rest_route=\/wp\/v2\/types\/page"}],"author":[{"embeddable":true,"href":"https:\/\/www.aleksandra-dergacova.fr\/index.php?rest_route=\/wp\/v2\/users\/1"}],"replies":[{"embeddable":true,"href":"https:\/\/www.aleksandra-dergacova.fr\/index.php?rest_route=%2Fwp%2Fv2%2Fcomments&post=36"}],"version-history":[{"count":13,"href":"https:\/\/www.aleksandra-dergacova.fr\/index.php?rest_route=\/wp\/v2\/pages\/36\/revisions"}],"predecessor-version":[{"id":297,"href":"https:\/\/www.aleksandra-dergacova.fr\/index.php?rest_route=\/wp\/v2\/pages\/36\/revisions\/297"}],"wp:attachment":[{"href":"https:\/\/www.aleksandra-dergacova.fr\/index.php?rest_route=%2Fwp%2Fv2%2Fmedia&parent=36"}],"curies":[{"name":"wp","href":"https:\/\/api.w.org\/{rel}","templated":true}]}}